{"id":1224,"date":"2015-03-25T16:47:55","date_gmt":"2015-03-25T16:47:55","guid":{"rendered":"http:\/\/www.demopolis.it\/?page_id=1224"},"modified":"2015-04-17T11:42:16","modified_gmt":"2015-04-17T11:42:16","slug":"metodologie","status":"publish","type":"page","link":"https:\/\/www.demopolis.it\/?page_id=1224","title":{"rendered":"Metodologie"},"content":{"rendered":"<h2>Metodologie<\/h2>\n<p>Il valore aggiunto di Demopolis sono le persone: competenza ed intuito; sensibilit\u00e0 ed estro; indipendenza e rigore.<\/p>\n<p>Con un team di ricercatori ed esperti di comunicazione di pluriennale esperienza, il nostro \u00e8 un impegno di professionalit\u00e0 ed efficienza, rispettato in tutte le fasi di lavoro: dall\u2019ascolto dei clienti all\u2019individuazione delle esigenze conoscitive da colmare; dalla strutturazione del disegno di ricerca all\u2019identificazione delle metodologie qualitative e quantitative pi\u00f9 efficaci di indagine; dalle fasi di rilevazione demoscopica all\u2019analisi dei dati; dalla presentazione dei risultati alla consulenza strategica.<\/p>\n<p>Sempre con un\u2019attenzione speciale alle leve della comunicazione, individuando i migliori media di amplificazione dell\u2019investimento in ricerca.<\/p>\n<p>Operiamo con modelli integrati ed esclusivi di indagine demoscopica, supportati da avanzati sistemi tecnologici e da software, sviluppati in-house, di rilevazione, elaborazione ed analisi dei dati, per la realizzazione di interviste quali-quantitative, con verifiche di coerenza, tutela della riservatezza e controllo delle quote di stratificazione campionaria.<\/p>\n<p>La gestione delle ricerche avviene mediante una sinergia costante fra i diversi dipartimenti dell\u2019Istituto ed integrando tecniche qualitative e quantitative di ricerca, per una corretta interpretazione del fenomeni da analizzare.<\/p>\n<p>Ad esempio\u2026<\/p>\n<p><strong>\u00a0<\/strong><strong>Tecniche di indagine qualitativa:<\/strong><\/p>\n<ul>\n<li>colloqui in profondit\u00e0<\/li>\n<li>interviste etnografiche<\/li>\n<li>osservazione partecipante<\/li>\n<li>focus group<\/li>\n<li>mystery client<\/li>\n<\/ul>\n<p>La metodologia qualitativa di ricerca \u00e8 proposta per:<\/p>\n<ul>\n<li>indagare e circoscrivere fenomeni di strutturata complessit\u00e0;<\/li>\n<li>rappresentare in profondit\u00e0, con informazioni articolate e declinazioni circostanziate, un oggetto di indagine;<\/li>\n<li>scandagliare nessi causali e componenti riposte dei fenomeni e delle loro cause.<\/li>\n<\/ul>\n<p>L\u2019indagine qualitativa ha anche un valore complementare e propedeutico all\u2019approccio quantitativo, ma contestualmente possiede una rilevante valenza autonoma per la capacit\u00e0 di analisi della complessit\u00e0 dei fenomeni e per la plasticit\u00e0 degli strumenti diagnostici tipici dell\u2019approccio qualitativo, modificabile secondo le esigenze e le finalit\u00e0 del committente: tattico-strategiche ovvero diagnostico-descrittive.<\/p>\n<p>&nbsp;<\/p>\n<p><strong>Tecniche di rilevazione quantitativa:<\/strong><\/p>\n<ul>\n<li>CATI (Computer Assisted Telephone Interviewing)<\/li>\n<li>CAPI (face-to-face assistite da computer)<\/li>\n<li>CAMI (Computer Assisted Mobile Interviewing)<\/li>\n<li>CAWI (Interviste via web su target specifici o su panel telematici).<\/li>\n<\/ul>\n<p>L\u2019Istituto Nazionale di Ricerche Dem\u00f2polis propone la metodologia quantitativa di ricerca per:<\/p>\n<ul>\n<li>rilevare e descrivere numericamente dinamiche e struttura di un dato fenomeno;<\/li>\n<li>definire scientificamente, attraverso modelli statistici, profilo, confini, comportamenti e tendenze di un dato universo;<\/li>\n<li>fornire rappresentazioni attendibili in scala dell\u2019opinione pubblica o di specifici segmenti socio-professionali.<\/li>\n<\/ul>\n<p>L\u2019approccio quantitativo \u00e8 complementare all\u2019approccio qualitativo di ricerca.<\/p>\n<p>&nbsp;<\/p>\n<p><a title=\"Chi siamo\" href=\"http:\/\/www.demopolis.it\/?page_id=66\" target=\"_blank\">PROFILO<\/a><\/p>\n<p><a title=\"Clienti e Prodotti\" href=\"http:\/\/www.demopolis.it\/?page_id=16\" target=\"_blank\">CLIENTI E PRODOTTI<\/a><\/p>\n<p><a href=\"http:\/\/www.demopolis.it\/?cat=3\" target=\"_blank\">AREE DI RICERCA<\/a><\/p>\n<p><a title=\"Chi siamo\" href=\"http:\/\/www.demopolis.it\/?page_id=66\" target=\"_blank\">GRUPPO DIRIGENTE<\/a><\/p>\n<p><a title=\"Contatti\" href=\"http:\/\/www.demopolis.it\/?page_id=1199\" target=\"_blank\">CONTATTI<\/a><\/p>\n<p>&nbsp;<\/p>\n","protected":false},"excerpt":{"rendered":"<p>Metodologie Il valore aggiunto di Demopolis sono le persone: competenza ed intuito; sensibilit\u00e0 ed estro; indipendenza e rigore. Con un team di ricercatori ed esperti di comunicazione di pluriennale esperienza, il nostro \u00e8 un&#46;&#46;&#46;<\/p>\n","protected":false},"author":3,"featured_media":0,"parent":0,"menu_order":0,"comment_status":"closed","ping_status":"closed","template":"","meta":{"ub_ctt_via":"","sfsi_plus_gutenberg_text_before_share":"","sfsi_plus_gutenberg_show_text_before_share":"","sfsi_plus_gutenberg_icon_type":"","sfsi_plus_gutenberg_icon_alignemt":"","sfsi_plus_gutenburg_max_per_row":""},"featured_image_src":null,"_links":{"self":[{"href":"https:\/\/www.demopolis.it\/index.php?rest_route=\/wp\/v2\/pages\/1224"}],"collection":[{"href":"https:\/\/www.demopolis.it\/index.php?rest_route=\/wp\/v2\/pages"}],"about":[{"href":"https:\/\/www.demopolis.it\/index.php?rest_route=\/wp\/v2\/types\/page"}],"author":[{"embeddable":true,"href":"https:\/\/www.demopolis.it\/index.php?rest_route=\/wp\/v2\/users\/3"}],"replies":[{"embeddable":true,"href":"https:\/\/www.demopolis.it\/index.php?rest_route=%2Fwp%2Fv2%2Fcomments&post=1224"}],"version-history":[{"count":7,"href":"https:\/\/www.demopolis.it\/index.php?rest_route=\/wp\/v2\/pages\/1224\/revisions"}],"predecessor-version":[{"id":1877,"href":"https:\/\/www.demopolis.it\/index.php?rest_route=\/wp\/v2\/pages\/1224\/revisions\/1877"}],"wp:attachment":[{"href":"https:\/\/www.demopolis.it\/index.php?rest_route=%2Fwp%2Fv2%2Fmedia&parent=1224"}],"curies":[{"name":"wp","href":"https:\/\/api.w.org\/{rel}","templated":true}]}}