{"id":5314,"date":"2018-06-14T15:09:56","date_gmt":"2018-06-14T15:09:56","guid":{"rendered":"http:\/\/www.demopolis.it\/?page_id=5314"},"modified":"2018-06-14T15:11:32","modified_gmt":"2018-06-14T15:11:32","slug":"privacy","status":"publish","type":"page","link":"https:\/\/www.demopolis.it\/?page_id=5314","title":{"rendered":"Privacy"},"content":{"rendered":"<h3>Privacy<\/h3>\n<p>A seguito dell\u2019entrata in vigore del\u00a0Regolamento Generale sulla Protezione dei Dati (UE 2016\/679), noto come\u00a0GDPR, si conferma che l\u2019Istituto Demopolis applica procedure coerenti\u00a0nel trattamento dei dati relativi all\u2019attivit\u00e0 di ricerca e ad\u00a0ogni connessa interazione.<\/p>\n<p>Ogni informazione viene trattata, per fini statistici e di ricerca, in forma anonima e strettamente riservata.<\/p>\n<p>Le\u00a0misure tecniche\u00a0e organizzative\u00a0predisposte da\u00a0Demopolis\u00a0consentono la\u00a0protezione dei dati degli intervistati\u00a0e\u00a0rispettano in pieno i criteri a garanzia della qualit\u00e0 del processo\u00a0di ricerca, tutelando la riservatezza dei rispondenti, con l\u2019acquisizione di informazioni demoscopiche esclusivamente in\u00a0forma anonima e per circostanziate\u00a0finalit\u00e0 statistiche, senza possibilit\u00e0 di identificabilit\u00e0 dei soggetti che\u00a0forniscono informazioni utili alla conduzione delle indagini.<\/p>\n","protected":false},"excerpt":{"rendered":"<p>Privacy A seguito dell\u2019entrata in vigore del\u00a0Regolamento Generale sulla Protezione dei Dati (UE 2016\/679), noto come\u00a0GDPR, si conferma che l\u2019Istituto Demopolis applica procedure coerenti\u00a0nel trattamento dei dati relativi all\u2019attivit\u00e0 di ricerca e ad\u00a0ogni connessa&#46;&#46;&#46;<\/p>\n","protected":false},"author":5,"featured_media":0,"parent":0,"menu_order":0,"comment_status":"closed","ping_status":"closed","template":"","meta":{"ub_ctt_via":"","sfsi_plus_gutenberg_text_before_share":"","sfsi_plus_gutenberg_show_text_before_share":"","sfsi_plus_gutenberg_icon_type":"","sfsi_plus_gutenberg_icon_alignemt":"","sfsi_plus_gutenburg_max_per_row":""},"featured_image_src":null,"_links":{"self":[{"href":"https:\/\/www.demopolis.it\/index.php?rest_route=\/wp\/v2\/pages\/5314"}],"collection":[{"href":"https:\/\/www.demopolis.it\/index.php?rest_route=\/wp\/v2\/pages"}],"about":[{"href":"https:\/\/www.demopolis.it\/index.php?rest_route=\/wp\/v2\/types\/page"}],"author":[{"embeddable":true,"href":"https:\/\/www.demopolis.it\/index.php?rest_route=\/wp\/v2\/users\/5"}],"replies":[{"embeddable":true,"href":"https:\/\/www.demopolis.it\/index.php?rest_route=%2Fwp%2Fv2%2Fcomments&post=5314"}],"version-history":[{"count":2,"href":"https:\/\/www.demopolis.it\/index.php?rest_route=\/wp\/v2\/pages\/5314\/revisions"}],"predecessor-version":[{"id":5317,"href":"https:\/\/www.demopolis.it\/index.php?rest_route=\/wp\/v2\/pages\/5314\/revisions\/5317"}],"wp:attachment":[{"href":"https:\/\/www.demopolis.it\/index.php?rest_route=%2Fwp%2Fv2%2Fmedia&parent=5314"}],"curies":[{"name":"wp","href":"https:\/\/api.w.org\/{rel}","templated":true}]}}